{"id":395,"date":"2020-02-08T13:33:49","date_gmt":"2020-02-08T13:33:49","guid":{"rendered":"https:\/\/lanvac.com\/facilities\/"},"modified":"2022-05-17T17:27:59","modified_gmt":"2022-05-17T17:27:59","slug":"nos-installations","status":"publish","type":"page","link":"https:\/\/lanvac.com\/fr\/nos-installations\/","title":{"rendered":"Nos installations"},"content":{"rendered":"<h1>Installations de Lanvac<\/h1>\n<p>Nos installations sont dot\u00e9es d\u2019\u00e9quipements parmi les plus avanc\u00e9s du march\u00e9. Nos centrales sont construites selon une norme qui a \u00e9t\u00e9 d\u00e9velopp\u00e9e gr\u00e2ce \u00e0 37 ans d\u2019exp\u00e9rience dans l\u2019industrie de la surveillance. Nous l\u2019appelons fi\u00e8rement le standard Lanvac!<\/p>\n","protected":false},"excerpt":{"rendered":"<p>Installations de Lanvac Nos installations sont dot\u00e9es d\u2019\u00e9quipements parmi les plus avanc\u00e9s du march\u00e9. Nos centrales sont construites selon une norme qui a \u00e9t\u00e9 d\u00e9velopp\u00e9e gr\u00e2ce \u00e0 37 ans d\u2019exp\u00e9rience dans l\u2019industrie de la surveillance.\u2026<\/p>\n","protected":false},"author":4,"featured_media":397,"parent":0,"menu_order":0,"comment_status":"closed","ping_status":"closed","template":"pge-facilities.php","meta":{"_acf_changed":false,"inline_featured_image":false,"slim_seo":{"title":"Nos installations - Lanvac Surveillance Inc.","description":"Installations de Lanvac Nos installations sont dot\u00e9es d\u2019\u00e9quipements parmi les plus avanc\u00e9s du march\u00e9. Nos centrales sont construites selon une norme qui a \u00e9t\u00e9 d"},"footnotes":""},"class_list":["post-395","page","type-page","status-publish","has-post-thumbnail","hentry"],"acf":[],"_links":{"self":[{"href":"https:\/\/lanvac.com\/fr\/wp-json\/wp\/v2\/pages\/395","targetHints":{"allow":["GET"]}}],"collection":[{"href":"https:\/\/lanvac.com\/fr\/wp-json\/wp\/v2\/pages"}],"about":[{"href":"https:\/\/lanvac.com\/fr\/wp-json\/wp\/v2\/types\/page"}],"author":[{"embeddable":true,"href":"https:\/\/lanvac.com\/fr\/wp-json\/wp\/v2\/users\/4"}],"replies":[{"embeddable":true,"href":"https:\/\/lanvac.com\/fr\/wp-json\/wp\/v2\/comments?post=395"}],"version-history":[{"count":5,"href":"https:\/\/lanvac.com\/fr\/wp-json\/wp\/v2\/pages\/395\/revisions"}],"predecessor-version":[{"id":1289,"href":"https:\/\/lanvac.com\/fr\/wp-json\/wp\/v2\/pages\/395\/revisions\/1289"}],"wp:featuredmedia":[{"embeddable":true,"href":"https:\/\/lanvac.com\/fr\/wp-json\/wp\/v2\/media\/397"}],"wp:attachment":[{"href":"https:\/\/lanvac.com\/fr\/wp-json\/wp\/v2\/media?parent=395"}],"curies":[{"name":"wp","href":"https:\/\/api.w.org\/{rel}","templated":true}]}}