{"id":400,"date":"2020-02-08T12:24:17","date_gmt":"2020-02-08T12:24:17","guid":{"rendered":"https:\/\/lanvac.com\/about-company\/"},"modified":"2020-03-26T19:19:24","modified_gmt":"2020-03-26T19:19:24","slug":"a-propos","status":"publish","type":"page","link":"https:\/\/lanvac.com\/fr\/a-propos\/","title":{"rendered":"\u00c0 propos"},"content":{"rendered":"<h1>\u00c0 propos de<br \/>\nLanvac<\/h1>\n<p>L&rsquo;unique ambition de Lanvac est de fournir un service de surveillance pour des \u201ctiers\u201d, \u00e0 des d\u00e9taillants qualifi\u00e9s. Lanvac ne poss\u00e8de aucun compte d\u2019abonn\u00e9 d\u2019alarme. Lanvac s\u2019engage \u00e0 ne jamais acqu\u00e9rir de compte d\u2019abonn\u00e9 d\u2019alarme. <\/p>\n","protected":false},"excerpt":{"rendered":"<p>\u00c0 propos de Lanvac L&rsquo;unique ambition de Lanvac est de fournir un service de surveillance pour des \u201ctiers\u201d, \u00e0 des d\u00e9taillants qualifi\u00e9s. Lanvac ne poss\u00e8de aucun compte d\u2019abonn\u00e9 d\u2019alarme. Lanvac s\u2019engage \u00e0 ne jamais acqu\u00e9rir\u2026<\/p>\n","protected":false},"author":4,"featured_media":402,"parent":0,"menu_order":0,"comment_status":"closed","ping_status":"closed","template":"pge-about.php","meta":{"_acf_changed":false,"inline_featured_image":false,"slim_seo":{"title":"\u00c0 propos - Lanvac Surveillance Inc.","description":"\u00c0 propos de Lanvac L'unique ambition de Lanvac est de fournir un service de surveillance pour des \u201ctiers\u201d, \u00e0 des d\u00e9taillants qualifi\u00e9s. Lanvac ne poss\u00e8de aucun"},"footnotes":""},"class_list":["post-400","page","type-page","status-publish","has-post-thumbnail","hentry"],"acf":[],"_links":{"self":[{"href":"https:\/\/lanvac.com\/fr\/wp-json\/wp\/v2\/pages\/400","targetHints":{"allow":["GET"]}}],"collection":[{"href":"https:\/\/lanvac.com\/fr\/wp-json\/wp\/v2\/pages"}],"about":[{"href":"https:\/\/lanvac.com\/fr\/wp-json\/wp\/v2\/types\/page"}],"author":[{"embeddable":true,"href":"https:\/\/lanvac.com\/fr\/wp-json\/wp\/v2\/users\/4"}],"replies":[{"embeddable":true,"href":"https:\/\/lanvac.com\/fr\/wp-json\/wp\/v2\/comments?post=400"}],"version-history":[{"count":5,"href":"https:\/\/lanvac.com\/fr\/wp-json\/wp\/v2\/pages\/400\/revisions"}],"predecessor-version":[{"id":536,"href":"https:\/\/lanvac.com\/fr\/wp-json\/wp\/v2\/pages\/400\/revisions\/536"}],"wp:featuredmedia":[{"embeddable":true,"href":"https:\/\/lanvac.com\/fr\/wp-json\/wp\/v2\/media\/402"}],"wp:attachment":[{"href":"https:\/\/lanvac.com\/fr\/wp-json\/wp\/v2\/media?parent=400"}],"curies":[{"name":"wp","href":"https:\/\/api.w.org\/{rel}","templated":true}]}}